{"id":349,"date":"2025-09-17T17:31:40","date_gmt":"2025-09-17T20:31:40","guid":{"rendered":"https:\/\/lavamax.com.br\/?page_id=349"},"modified":"2025-09-19T17:21:57","modified_gmt":"2025-09-19T20:21:57","slug":"filiais","status":"publish","type":"page","link":"https:\/\/lavamax.com.br\/?page_id=349","title":{"rendered":"Filiais"},"content":{"rendered":"\t\t<div data-elementor-type=\"wp-page\" data-elementor-id=\"349\" class=\"elementor elementor-349\">\n\t\t\t\t<div class=\"elementor-element elementor-element-cd3896d e-grid e-con-full wpr-particle-no wpr-jarallax-no wpr-parallax-no wpr-sticky-section-no e-con e-child\" data-id=\"cd3896d\" data-element_type=\"container\">\n\t\t\t\t<div class=\"elementor-element elementor-element-1dce91c elementor-widget elementor-widget-icon-box\" data-id=\"1dce91c\" data-element_type=\"widget\" data-widget_type=\"icon-box.default\">\n\t\t\t\t\t\t\t<div class=\"elementor-icon-box-wrapper\">\n\n\t\t\t\n\t\t\t\t\t\t<div class=\"elementor-icon-box-content\">\n\n\t\t\t\t\t\t\t\t\t<h3 class=\"elementor-icon-box-title\">\n\t\t\t\t\t\t<span  >\n\t\t\t\t\t\t\tCentro Metropolitano \t\t\t\t\t\t<\/span>\n\t\t\t\t\t<\/h3>\n\t\t\t\t\n\t\t\t\t\t\t\t\t\t<p class=\"elementor-icon-box-description\">\n\t\t\t\t\t\t<b>Endere\u00e7o<\/b>: Av. Ator Jos\u00e9 Wilker, 400 - loja 130 - Barra da Tijuca<br>\n<b>  Funcionamento<\/b>: Todos os dias da semana, incluindo feriado. De 07:00 \u00e0s 21:00.\t\t\t\t\t<\/p>\n\t\t\t\t\n\t\t\t<\/div>\n\t\t\t\n\t\t<\/div>\n\t\t\t\t\t\t<\/div>\n\t\t\t\t<div class=\"elementor-element elementor-element-ae5df0f elementor-widget elementor-widget-icon-box\" data-id=\"ae5df0f\" data-element_type=\"widget\" data-widget_type=\"icon-box.default\">\n\t\t\t\t\t\t\t<div class=\"elementor-icon-box-wrapper\">\n\n\t\t\t\n\t\t\t\t\t\t<div class=\"elementor-icon-box-content\">\n\n\t\t\t\t\t\t\t\t\t<h3 class=\"elementor-icon-box-title\">\n\t\t\t\t\t\t<span  >\n\t\t\t\t\t\t\tCidade Jardim\t\t\t\t\t\t<\/span>\n\t\t\t\t\t<\/h3>\n\t\t\t\t\n\t\t\t\t\t\t\t\t\t<p class=\"elementor-icon-box-description\">\n\t\t\t\t\t\t<b>Endere\u00e7o<\/b>: Av Vice Presidente Jos\u00e9 Alencar, 1400 - Condom\u00ednio Maayan Barra Ol\u00edmpica <br>\n<b>  Funcionamento<\/b>: Todos os dias da semana, incluindo feriado. De 07:00 \u00e0s 21:00.\t\t\t\t\t<\/p>\n\t\t\t\t\n\t\t\t<\/div>\n\t\t\t\n\t\t<\/div>\n\t\t\t\t\t\t<\/div>\n\t\t\t\t<div class=\"elementor-element elementor-element-0a58a17 elementor-widget elementor-widget-icon-box\" data-id=\"0a58a17\" data-element_type=\"widget\" data-widget_type=\"icon-box.default\">\n\t\t\t\t\t\t\t<div class=\"elementor-icon-box-wrapper\">\n\n\t\t\t\n\t\t\t\t\t\t<div class=\"elementor-icon-box-content\">\n\n\t\t\t\t\t\t\t\t\t<h3 class=\"elementor-icon-box-title\">\n\t\t\t\t\t\t<span  >\n\t\t\t\t\t\t\tBarra Beach\t\t\t\t\t\t<\/span>\n\t\t\t\t\t<\/h3>\n\t\t\t\t\n\t\t\t\t\t\t\t\t\t<p class=\"elementor-icon-box-description\">\n\t\t\t\t\t\t<b>Endere\u00e7o<\/b>: Av do Pep\u00ea, 1120 - Barra da Tijuca <br>\n<b>  Funcionamento<\/b>: Todos os dias da semana, incluindo feriado. De 07:00 \u00e0s 21:00.\t\t\t\t\t<\/p>\n\t\t\t\t\n\t\t\t<\/div>\n\t\t\t\n\t\t<\/div>\n\t\t\t\t\t\t<\/div>\n\t\t\t\t<div class=\"elementor-element elementor-element-b259722 elementor-widget elementor-widget-icon-box\" data-id=\"b259722\" data-element_type=\"widget\" data-widget_type=\"icon-box.default\">\n\t\t\t\t\t\t\t<div class=\"elementor-icon-box-wrapper\">\n\n\t\t\t\n\t\t\t\t\t\t<div class=\"elementor-icon-box-content\">\n\n\t\t\t\t\t\t\t\t\t<h3 class=\"elementor-icon-box-title\">\n\t\t\t\t\t\t<span  >\n\t\t\t\t\t\t\tShopping Midtown\t\t\t\t\t\t<\/span>\n\t\t\t\t\t<\/h3>\n\t\t\t\t\n\t\t\t\t\t\t\t\t\t<p class=\"elementor-icon-box-description\">\n\t\t\t\t\t\t<b>Endere\u00e7o<\/b>: Av da Am\u00e9ricas 5001 loja 110 - Barra da Tijuca<br>\n<b>  Funcionamento<\/b>: Todos os dias da semana, incluindo feriado. De 07:00 \u00e0s 21:00.<br><br><b>Inaugura\u00e7\u00e3o em breve<\/b>\t\t\t\t\t<\/p>\n\t\t\t\t\n\t\t\t<\/div>\n\t\t\t\n\t\t<\/div>\n\t\t\t\t\t\t<\/div>\n\t\t\t\t<div class=\"elementor-element elementor-element-4bc2d5e elementor-widget elementor-widget-icon-box\" data-id=\"4bc2d5e\" data-element_type=\"widget\" data-widget_type=\"icon-box.default\">\n\t\t\t\t\t\t\t<div class=\"elementor-icon-box-wrapper\">\n\n\t\t\t\n\t\t\t\t\t\t<div class=\"elementor-icon-box-content\">\n\n\t\t\t\t\t\t\t\t\t<h3 class=\"elementor-icon-box-title\">\n\t\t\t\t\t\t<span  >\n\t\t\t\t\t\t\tCuricica\t\t\t\t\t\t<\/span>\n\t\t\t\t\t<\/h3>\n\t\t\t\t\n\t\t\t\t\t\t\t\t\t<p class=\"elementor-icon-box-description\">\n\t\t\t\t\t\t<b>Endere\u00e7o<\/b>: Rua Hip\u00f3lito 21 casa<br>\n<b>  Funcionamento<\/b>: Todos os dias da semana, incluindo feriado. De 07:00 \u00e0s 21:00.\t\t\t\t\t<\/p>\n\t\t\t\t\n\t\t\t<\/div>\n\t\t\t\n\t\t<\/div>\n\t\t\t\t\t\t<\/div>\n\t\t\t\t<div class=\"elementor-element elementor-element-32d4ef9 elementor-align-center elementor-invisible elementor-widget elementor-widget-button\" data-id=\"32d4ef9\" data-element_type=\"widget\" data-settings=\"{&quot;_animation&quot;:&quot;zoomIn&quot;}\" data-widget_type=\"button.default\">\n\t\t\t\t\t\t\t\t\t\t<a class=\"elementor-button elementor-button-link elementor-size-sm elementor-animation-grow\" href=\"https:\/\/wa.me\/message\/WXVP7LFH5WSOI1\">\n\t\t\t\t\t\t<span class=\"elementor-button-content-wrapper\">\n\t\t\t\t\t\t\t\t\t<span class=\"elementor-button-text\">(21) 98005-7631<\/span>\n\t\t\t\t\t<\/span>\n\t\t\t\t\t<\/a>\n\t\t\t\t\t\t\t\t<\/div>\n\t\t\t\t<div class=\"elementor-element elementor-element-25d9c8b elementor-align-center elementor-invisible elementor-widget elementor-widget-button\" data-id=\"25d9c8b\" data-element_type=\"widget\" data-settings=\"{&quot;_animation&quot;:&quot;zoomIn&quot;}\" data-widget_type=\"button.default\">\n\t\t\t\t\t\t\t\t\t\t<a class=\"elementor-button elementor-button-link elementor-size-sm elementor-animation-grow\" href=\"https:\/\/w.app\/tinwkr\">\n\t\t\t\t\t\t<span class=\"elementor-button-content-wrapper\">\n\t\t\t\t\t\t\t\t\t<span class=\"elementor-button-text\">(21) 97718-1520<\/span>\n\t\t\t\t\t<\/span>\n\t\t\t\t\t<\/a>\n\t\t\t\t\t\t\t\t<\/div>\n\t\t\t\t<div class=\"elementor-element elementor-element-b618c74 elementor-align-center elementor-invisible elementor-widget elementor-widget-button\" data-id=\"b618c74\" data-element_type=\"widget\" data-settings=\"{&quot;_animation&quot;:&quot;zoomIn&quot;}\" data-widget_type=\"button.default\">\n\t\t\t\t\t\t\t\t\t\t<a class=\"elementor-button elementor-button-link elementor-size-sm elementor-animation-grow\" href=\"https:\/\/w.app\/e8edq3\">\n\t\t\t\t\t\t<span class=\"elementor-button-content-wrapper\">\n\t\t\t\t\t\t\t\t\t<span class=\"elementor-button-text\">(21) 98247-5129<\/span>\n\t\t\t\t\t<\/span>\n\t\t\t\t\t<\/a>\n\t\t\t\t\t\t\t\t<\/div>\n\t\t\t\t<div class=\"elementor-element elementor-element-f87af6d elementor-align-center elementor-invisible elementor-widget elementor-widget-button\" data-id=\"f87af6d\" data-element_type=\"widget\" data-settings=\"{&quot;_animation&quot;:&quot;zoomIn&quot;}\" data-widget_type=\"button.default\">\n\t\t\t\t\t\t\t\t\t\t<a class=\"elementor-button elementor-button-link elementor-size-sm elementor-animation-grow\" href=\"https:\/\/w.app\/tinwkr\">\n\t\t\t\t\t\t<span class=\"elementor-button-content-wrapper\">\n\t\t\t\t\t\t\t\t\t<span class=\"elementor-button-text\">(21) 97718-1520<\/span>\n\t\t\t\t\t<\/span>\n\t\t\t\t\t<\/a>\n\t\t\t\t\t\t\t\t<\/div>\n\t\t\t\t<\/div>\n\t\t\t\t<\/div>\n\t\t","protected":false},"excerpt":{"rendered":"<p>Centro Metropolitano Endere\u00e7o: Av. Ator Jos\u00e9 Wilker, 400 &#8211; loja 130 &#8211; Barra da Tijuca Funcionamento: Todos os dias da semana, incluindo feriado. De 07:00 \u00e0s 21:00. Cidade Jardim Endere\u00e7o: Av Vice Presidente Jos\u00e9 Alencar, 1400 &#8211; Condom\u00ednio Maayan Barra Ol\u00edmpica Funcionamento: Todos os dias da semana, incluindo feriado. De 07:00 \u00e0s 21:00. Barra Beach Endere\u00e7o: Av do Pep\u00ea, 1120 &#8211; Barra da Tijuca Funcionamento: Todos os dias da semana, incluindo feriado. De 07:00 \u00e0s 21:00. Shopping Midtown Endere\u00e7o: Av da Am\u00e9ricas 5001 loja 110 &#8211; Barra da Tijuca Funcionamento: Todos os dias da semana, incluindo feriado. De 07:00 \u00e0s 21:00. Inaugura\u00e7\u00e3o em breve Curicica Endere\u00e7o: Rua Hip\u00f3lito 21 casa Funcionamento: Todos os dias da semana, incluindo feriado. De 07:00 \u00e0s 21:00. (21) 98005-7631 (21) 97718-1520 (21) 98247-5129 (21) 97718-1520<\/p>\n","protected":false},"author":1,"featured_media":0,"parent":0,"menu_order":0,"comment_status":"closed","ping_status":"closed","template":"elementor_header_footer","meta":{"footnotes":""},"class_list":["post-349","page","type-page","status-publish","hentry"],"_links":{"self":[{"href":"https:\/\/lavamax.com.br\/index.php?rest_route=\/wp\/v2\/pages\/349","targetHints":{"allow":["GET"]}}],"collection":[{"href":"https:\/\/lavamax.com.br\/index.php?rest_route=\/wp\/v2\/pages"}],"about":[{"href":"https:\/\/lavamax.com.br\/index.php?rest_route=\/wp\/v2\/types\/page"}],"author":[{"embeddable":true,"href":"https:\/\/lavamax.com.br\/index.php?rest_route=\/wp\/v2\/users\/1"}],"replies":[{"embeddable":true,"href":"https:\/\/lavamax.com.br\/index.php?rest_route=%2Fwp%2Fv2%2Fcomments&post=349"}],"version-history":[{"count":10,"href":"https:\/\/lavamax.com.br\/index.php?rest_route=\/wp\/v2\/pages\/349\/revisions"}],"predecessor-version":[{"id":577,"href":"https:\/\/lavamax.com.br\/index.php?rest_route=\/wp\/v2\/pages\/349\/revisions\/577"}],"wp:attachment":[{"href":"https:\/\/lavamax.com.br\/index.php?rest_route=%2Fwp%2Fv2%2Fmedia&parent=349"}],"curies":[{"name":"wp","href":"https:\/\/api.w.org\/{rel}","templated":true}]}}